
{"id":373,"date":"2025-12-03T12:12:44","date_gmt":"2025-12-03T12:12:44","guid":{"rendered":"http:\/\/localhost\/wp-projects\/aait-english\/?page_id=373"},"modified":"2025-12-03T13:17:50","modified_gmt":"2025-12-03T13:17:50","slug":"useful-links-for-students-outside-us","status":"publish","type":"page","link":"https:\/\/easyorg.in\/aaitschool\/useful-links-for-students-outside-us\/","title":{"rendered":"Useful links for students outside US"},"content":{"rendered":"<table width=\"600px\" border=\"2\" align=\"top\"><tbody><tr><td>Consulate<\/td><td>Website\/E-mail<\/td><td>Phone\/Fax<\/td><td>Address<\/td><\/tr><tr><td>Embassy of the USA in Ukraine<\/td><td><a href=\"http:\/\/ukraine.usembassy.gov\/\" title=\"http:\/\/ukraine.usembassy.gov\/\">http:\/\/ukraine.usembassy.gov\/<\/a><\/td><td>044-521-5000<\/td><td>U.S. Embassy in Ukraine 4 A.I. Sikorsky St. (formerly Tankova) 04112 Kyiv, Ukraine<\/td><\/tr><tr><td>Embassy of the USA in Russia<\/td><td><a href=\"http:\/\/moscow.usembassy.gov\/\" title=\"http:\/\/moscow.usembassy.gov\/\">http:\/\/moscow.usembassy.gov\/<\/a><br \/>consulMo@state.gov<\/td><td>Tel: +7 (495) 728-5000\/Fax: 728-5090<\/td><td>Bolshoy Deviatinsky Pereulok No. 8, Moscow 121099, Russian Federation<\/td><\/tr><tr><td>Consulate General of the USA in St. Petersburg<\/td><td><a href=\"http:\/\/stpetersburg.usconsulate.gov\/\" title=\"http:\/\/stpetersburg.usconsulate.gov\/\">http:\/\/stpetersburg.usconsulate.gov\/<\/a><\/td><td>Tel.: +7 (812) 331-2600\/Fax: +7 (812) 331-2852<\/td><td>15 Furshtatskaya St.,St. Petersburg 191028, Russia<\/td><\/tr><tr><td>Embassy of the USA in Moldova<\/td><td><a href=\"http:\/\/moldova.usembassy.gov\/\" title=\"http:\/\/moldova.usembassy.gov\/\">http:\/\/moldova.usembassy.gov\/<\/a><br \/>Chisinau-CA@state.gov<\/td><td>Tel: (+373 22) 408 300 (Reception)\/Fax: (+373 22) 233 044<\/td><td>103 Mateevici street, Chisinau MD-2009 Republic of Moldova<\/td><\/tr><tr><td>Embassy of the USA in Poland<\/td><td><a href=\"http:\/\/poland.usembassy.gov\/\" title=\"http:\/\/poland.usembassy.gov\/\">http:\/\/poland.usembassy.gov\/<\/a><\/td><td>Tel.: +48-22\/504-2000<\/td><td>Aleje Ujazdowskie 29\/31,00-540 Warsaw Poland<\/td><\/tr><tr><td>Consulate General of the USA in Krakow<\/td><td><a href=\"http:\/\/krakow.usconsulate.gov\/\" title=\"http:\/\/krakow.usconsulate.gov\/\">http:\/\/krakow.usconsulate.gov\/<\/a><br \/>KrakowNIV@state.gov<\/td><td>Tel.: +48\/12 424-5100\/Fax: +48\/12 424-5103<\/td><td>U.S. Consulate General,ul. Stolarska 9, 31-043 Krakow<\/td><\/tr><tr><td>Embassy of the USA in Uzbekistan<\/td><td><a href=\"http:\/\/uzbekistan.usembassy.gov\/\" title=\"http:\/\/uzbekistan.usembassy.gov\/\">http:\/\/uzbekistan.usembassy.gov\/<\/a><br \/>TashkentInfo@state.gov<\/td><td>Tel.: (998) (71) 120 5450\/Fax: (998) (71) 120 6335<\/td><td>3 Moyqorghon Street, 5th Block, Yunusobod District, 100093 Tashkent<\/td><\/tr><tr><td>Embassy of the USA in Tajikistan<\/td><td><a href=\"http:\/\/dushanbe.usembassy.gov\/\" title=\"http:\/\/dushanbe.usembassy.gov\/\">http:\/\/dushanbe.usembassy.gov\/<\/a><br \/>usembassydushanbe@state.gov<\/td><td>Tel: +992 (37) 229 20 00\/Fax: +992 (37) 229 20 50, 236 04 30<\/td><td>109-A, Ismoili Somoni Avenue (Zarafshon district) Dushanbe, Tajikistan 734019<\/td><\/tr><tr><td>Embassy of the USA in Brazil<\/td><td><a href=\"http:\/\/brazil.usembassy.gov\/\" title=\"http:\/\/brazil.usembassy.gov\/\">http:\/\/brazil.usembassy.gov\/<\/a><\/td><td>Tel: (55-61) 3312-7000\/Fax: (55-61) 3225-9136<\/td><td>SES-Av. das Na\u00e7\u00f5es, Quadra 801, Lote 03, 70403-900-Bras\u00edlia, DF<\/td><\/tr><tr><td>Embassy of the USA in Georgia<\/td><td><a href=\"http:\/\/georgia.usembassy.gov\/\" title=\"http:\/\/georgia.usembassy.gov\/\">http:\/\/georgia.usembassy.gov\/<\/a><\/td><td>Tel.: 227 70 00\/Fax: (995-32) 227 77 01<\/td><td>11 George Balanchine St. Didi Dighomi, Tbilisi 0131<\/td><\/tr><\/tbody><\/table>","protected":false},"excerpt":{"rendered":"ConsulateWebsite\/E-mailPhone\/FaxAddressEmbassy of the USA in Ukrainehttp:\/\/ukraine.usembassy.gov\/044-521-5000U.S. Embassy in Ukraine 4 A.I. Sikorsky St. (formerly Tankova) 04112 Kyiv, UkraineEmbassy of the USA in Russiahttp:\/\/moscow.usembassy.gov\/consulMo@state.govTel: +7 (495) 728-5000\/Fax: 728-5090Bolshoy Deviatinsky Pereulok No. 8, Moscow 121099, Russian FederationConsulate General of the USA in St. Petersburghttp:\/\/stpetersburg.usconsulate.gov\/Tel.: +7 (812) 331-2600\/Fax: +7 (812) 331-285215 Furshtatskaya St.,St. Petersburg 191028, RussiaEmbassy of the USA in Moldovahttp:\/\/moldova.usembassy.gov\/Chisinau-CA@state.govTel: (+373 22) [&hellip;]","protected":false},"author":1,"featured_media":0,"parent":0,"menu_order":0,"comment_status":"closed","ping_status":"closed","template":"","meta":{"_acf_changed":false,"footnotes":""},"class_list":["post-373","page","type-page","status-publish","hentry"],"acf":[],"_links":{"self":[{"href":"https:\/\/easyorg.in\/aaitschool\/wp-json\/wp\/v2\/pages\/373","targetHints":{"allow":["GET"]}}],"collection":[{"href":"https:\/\/easyorg.in\/aaitschool\/wp-json\/wp\/v2\/pages"}],"about":[{"href":"https:\/\/easyorg.in\/aaitschool\/wp-json\/wp\/v2\/types\/page"}],"author":[{"embeddable":true,"href":"https:\/\/easyorg.in\/aaitschool\/wp-json\/wp\/v2\/users\/1"}],"replies":[{"embeddable":true,"href":"https:\/\/easyorg.in\/aaitschool\/wp-json\/wp\/v2\/comments?post=373"}],"version-history":[{"count":2,"href":"https:\/\/easyorg.in\/aaitschool\/wp-json\/wp\/v2\/pages\/373\/revisions"}],"predecessor-version":[{"id":465,"href":"https:\/\/easyorg.in\/aaitschool\/wp-json\/wp\/v2\/pages\/373\/revisions\/465"}],"wp:attachment":[{"href":"https:\/\/easyorg.in\/aaitschool\/wp-json\/wp\/v2\/media?parent=373"}],"curies":[{"name":"wp","href":"https:\/\/api.w.org\/{rel}","templated":true}]}}